{"id":53,"date":"2023-05-15T22:05:59","date_gmt":"2023-05-15T22:05:59","guid":{"rendered":"https:\/\/digitale-verwaltung.com\/?page_id=53"},"modified":"2024-03-28T16:03:55","modified_gmt":"2024-03-28T16:03:55","slug":"forschungsgruppe-digitalisierung-arbeitswelt","status":"publish","type":"page","link":"https:\/\/digitale-verwaltung.com\/","title":{"rendered":"Forschungsgruppe Digitalisierung &#038; Arbeitswelt"},"content":{"rendered":"\n<h2 class=\"wp-block-heading\">Herzlich Willkommen!<\/h2>\n\n\n\n<p>Die Forschungsgruppe &#8222;Digitalisierung und Arbeitswelt&#8220; ist eine interdisziplin\u00e4re Forschungsinitiative von Professoren unterschiedlicher Kompetenzbereiche der Hessischen Hochschule f\u00fcr \u00f6ffentliches Management und Sicherheit (H\u00f6MS) und befasst sich im Rahmen von intern sowie extern gef\u00f6rderten Forschungsprojekten mit unterschiedlichen Aspekten der Arbeitswelt im Zeitalter der Digitalisierung, vor allem im Bereich der \u00f6ffentlichen Verwaltung.<\/p>\n\n\n\n<p>Nachstehend finden Sie Informationen zu den Akteur:innen der Forschungsgruppe und den von ihr herausgegebenen Arbeitspapieren.<\/p>\n\n\n\n<div class=\"wp-block-columns is-layout-flex wp-container-core-columns-is-layout-9d6595d7 wp-block-columns-is-layout-flex\">\n<div class=\"wp-block-column is-layout-flow wp-block-column-is-layout-flow\" style=\"flex-basis:100%\">\n<figure class=\"wp-block-gallery has-nested-images columns-default is-cropped wp-block-gallery-1 is-layout-flex wp-block-gallery-is-layout-flex\">\n<figure class=\"wp-block-image size-large\"><img loading=\"lazy\" decoding=\"async\" width=\"811\" height=\"1024\" data-id=\"24\" src=\"https:\/\/digitale-verwaltung.com\/wp-content\/uploads\/2023\/05\/Foto20Hogrebe-3-811x1024.jpg\" alt=\"\" class=\"wp-image-24\" srcset=\"https:\/\/digitale-verwaltung.com\/wp-content\/uploads\/2023\/05\/Foto20Hogrebe-3-811x1024.jpg 811w, https:\/\/digitale-verwaltung.com\/wp-content\/uploads\/2023\/05\/Foto20Hogrebe-3-237x300.jpg 237w, https:\/\/digitale-verwaltung.com\/wp-content\/uploads\/2023\/05\/Foto20Hogrebe-3-768x970.jpg 768w, https:\/\/digitale-verwaltung.com\/wp-content\/uploads\/2023\/05\/Foto20Hogrebe-3-1216x1536.jpg 1216w, https:\/\/digitale-verwaltung.com\/wp-content\/uploads\/2023\/05\/Foto20Hogrebe-3.jpg 1466w\" sizes=\"auto, (max-width: 811px) 100vw, 811px\" \/><figcaption class=\"wp-element-caption\"><a href=\"https:\/\/fhoed.iliasnet.de\/goto.php?target=crs_3728433&amp;client_id=FHOED\">Prof. Dr. Frank Hogrebe<\/a><\/figcaption><\/figure>\n\n\n\n<figure class=\"wp-block-image size-large\"><img loading=\"lazy\" decoding=\"async\" width=\"1024\" height=\"683\" data-id=\"26\" src=\"https:\/\/digitale-verwaltung.com\/wp-content\/uploads\/2023\/05\/Schmitz_orignial-1024x683.jpg\" alt=\"\" class=\"wp-image-26\" srcset=\"https:\/\/digitale-verwaltung.com\/wp-content\/uploads\/2023\/05\/Schmitz_orignial-1024x683.jpg 1024w, https:\/\/digitale-verwaltung.com\/wp-content\/uploads\/2023\/05\/Schmitz_orignial-300x200.jpg 300w, https:\/\/digitale-verwaltung.com\/wp-content\/uploads\/2023\/05\/Schmitz_orignial-768x512.jpg 768w, https:\/\/digitale-verwaltung.com\/wp-content\/uploads\/2023\/05\/Schmitz_orignial-1536x1024.jpg 1536w, https:\/\/digitale-verwaltung.com\/wp-content\/uploads\/2023\/05\/Schmitz_orignial-2048x1365.jpg 2048w, https:\/\/digitale-verwaltung.com\/wp-content\/uploads\/2023\/05\/Schmitz_orignial-1568x1045.jpg 1568w\" sizes=\"auto, (max-width: 1024px) 100vw, 1024px\" \/><figcaption class=\"wp-element-caption\"><a href=\"https:\/\/fhoed.iliasnet.de\/goto.php?target=crs_4046583&amp;client_id=FHOED\">Prof. Dr. Elmar Schmitz<\/a><\/figcaption><\/figure>\n\n\n\n<figure class=\"wp-block-image size-large\"><a href=\"https:\/\/fhoed.iliasnet.de\/goto.php?target=crs_3708731&amp;client_id=FHOED\"><img loading=\"lazy\" decoding=\"async\" width=\"1024\" height=\"683\" data-id=\"25\" src=\"https:\/\/digitale-verwaltung.com\/wp-content\/uploads\/2023\/05\/Img162675-Kopie-1024x683.jpeg\" alt=\"\" class=\"wp-image-25\" srcset=\"https:\/\/digitale-verwaltung.com\/wp-content\/uploads\/2023\/05\/Img162675-Kopie-1024x683.jpeg 1024w, https:\/\/digitale-verwaltung.com\/wp-content\/uploads\/2023\/05\/Img162675-Kopie-300x200.jpeg 300w, https:\/\/digitale-verwaltung.com\/wp-content\/uploads\/2023\/05\/Img162675-Kopie-768x513.jpeg 768w, https:\/\/digitale-verwaltung.com\/wp-content\/uploads\/2023\/05\/Img162675-Kopie-1536x1025.jpeg 1536w, https:\/\/digitale-verwaltung.com\/wp-content\/uploads\/2023\/05\/Img162675-Kopie-2048x1367.jpeg 2048w, https:\/\/digitale-verwaltung.com\/wp-content\/uploads\/2023\/05\/Img162675-Kopie-1568x1047.jpeg 1568w\" sizes=\"auto, (max-width: 1024px) 100vw, 1024px\" \/><\/a><figcaption class=\"wp-element-caption\"><a href=\"https:\/\/fhoed.iliasnet.de\/goto.php?target=crs_3708731&amp;client_id=FHOED\">Prof. Dr. Mascha Will-Zocholl<\/a><\/figcaption><\/figure>\n<\/figure>\n<\/div>\n<\/div>\n\n\n\n<p><\/p>\n\n\n\n<p><strong><em>Mitglieder der Forschungsgruppe&nbsp;<\/em><\/strong><\/p>\n\n\n\n<p><strong>Prof. Dr. Frank Hogrebe<\/strong><\/p>\n\n\n\n<p>Professor Hogrebe ist Wirtschaftsinformatiker und forscht zur Digitalisierung und zum Prozessmanagement in der \u00f6ffentlichen Verwaltung. Damit leistet er einen Beitrag zum Forschungsfeld der Verwaltungsmodernisierung und entwickelt dabei innovative Ans\u00e4tze zur kreativen, effizienten und zukunftsgerichteten Wissensvermittlung. Seine Praxis- und Forschungsprojekte stellen regelm\u00e4\u00dfig die Verbesserung von Verwaltungsservice und -management f\u00fcr B\u00fcrgerinnen und B\u00fcrger, Unternehmen und Mitarbeitende in den Mittelpunkt.<\/p>\n\n\n\n<p> <\/p>\n\n\n\n<p><strong>Prof. Dr. Elmar Schmitz<\/strong><\/p>\n\n\n\n<p>Professor Schmitz ist \u00d6konom und richtet seine Forschungsinteressen insbesondere auf Fragen der Korruptionsbek\u00e4mpfung im \u00f6ffentlichen Sektor, auf (auch internationale) Digitalisierungsprozesse in Wirtschaft und \u00f6ffentlichem Sektor und auf das Personalmanagement in der \u00f6ffentlichen Verwaltung. Dabei richtet er den Blick auf die Entwicklung innovativer Denkans\u00e4tze und Handlungsempfehlungen f\u00fcr die Praxis, die auf Basis wissenschaftlicher Expertise gewonnen werden.<\/p>\n\n\n\n<p><\/p>\n\n\n\n<p><strong>Prof. Dr. Mascha Will-Zocholl<\/strong><\/p>\n\n\n\n<p>Professorin Will-Zocholl ist Soziologin und forscht zu den Wechselwirkungen von Digitalisierung, Arbeit und Organisation. Aktuell hat sie dabei vor allem die Verwaltungsarbeit im Blick, die weitreichenden Ver\u00e4nderungen im Kontext der digitalen Transformation ausgesetzt ist und fokussiert dabei auf Fragen, wie Arbeit und Organisation gestaltet werden k\u00f6nnen, adressiert aber auch Fragen nach den grundlegenden Ver\u00e4nderungen von \u00f6ffentlicher Verwaltung in diesem Kontext.<\/p>\n","protected":false},"excerpt":{"rendered":"<p>Herzlich Willkommen! Die Forschungsgruppe &#8222;Digitalisierung und Arbeitswelt&#8220; ist eine interdisziplin\u00e4re Forschungsinitiative von Professoren unterschiedlicher Kompetenzbereiche der Hessischen Hochschule f\u00fcr \u00f6ffentliches Management und Sicherheit (H\u00f6MS) und befasst sich im Rahmen von intern sowie extern gef\u00f6rderten Forschungsprojekten mit unterschiedlichen Aspekten der Arbeitswelt im Zeitalter der Digitalisierung, vor allem im Bereich der \u00f6ffentlichen Verwaltung. Nachstehend finden Sie Informationen&hellip; <a class=\"more-link\" href=\"https:\/\/digitale-verwaltung.com\/\"><span class=\"screen-reader-text\">Forschungsgruppe Digitalisierung &#038; Arbeitswelt<\/span> weiterlesen<\/a><\/p>\n","protected":false},"author":1,"featured_media":0,"parent":0,"menu_order":1,"comment_status":"closed","ping_status":"closed","template":"","meta":{"_kadence_starter_templates_imported_post":false,"footnotes":""},"class_list":["post-53","page","type-page","status-publish","hentry","entry"],"_links":{"self":[{"href":"https:\/\/digitale-verwaltung.com\/index.php?rest_route=\/wp\/v2\/pages\/53","targetHints":{"allow":["GET"]}}],"collection":[{"href":"https:\/\/digitale-verwaltung.com\/index.php?rest_route=\/wp\/v2\/pages"}],"about":[{"href":"https:\/\/digitale-verwaltung.com\/index.php?rest_route=\/wp\/v2\/types\/page"}],"author":[{"embeddable":true,"href":"https:\/\/digitale-verwaltung.com\/index.php?rest_route=\/wp\/v2\/users\/1"}],"replies":[{"embeddable":true,"href":"https:\/\/digitale-verwaltung.com\/index.php?rest_route=%2Fwp%2Fv2%2Fcomments&post=53"}],"version-history":[{"count":11,"href":"https:\/\/digitale-verwaltung.com\/index.php?rest_route=\/wp\/v2\/pages\/53\/revisions"}],"predecessor-version":[{"id":111,"href":"https:\/\/digitale-verwaltung.com\/index.php?rest_route=\/wp\/v2\/pages\/53\/revisions\/111"}],"wp:attachment":[{"href":"https:\/\/digitale-verwaltung.com\/index.php?rest_route=%2Fwp%2Fv2%2Fmedia&parent=53"}],"curies":[{"name":"wp","href":"https:\/\/api.w.org\/{rel}","templated":true}]}}